{"id":29789,"date":"2016-10-28T13:38:07","date_gmt":"2016-10-28T12:38:07","guid":{"rendered":"http:\/\/www.fg.ull.es\/es\/?page_id=29789"},"modified":"2022-10-18T08:10:52","modified_gmt":"2022-10-18T08:10:52","slug":"experiencias-para-aprender","status":"publish","type":"page","link":"https:\/\/fg.ull.es\/empleo\/experiencias-para-aprender\/","title":{"rendered":"Experiencias para Aprender"},"content":{"rendered":"<section class=\"wpb-content-wrapper\"><p>[vc_row][vc_column][vc_single_image image=&#8221;32423&#8243; img_size=&#8221;large&#8221;][vc_column_text]<\/p>\n<h1><\/h1>\n<p>El Vicerrectorado de Relaciones con la Sociedad de la ULL, a trav\u00e9s de la Fundaci\u00f3n General Universidad de La Laguna, pone en marcha este programa destinado a la comunidad universitaria que pretende dar valor a la participaci\u00f3n en charlas y eventos formativos.<\/p>\n<h3>\u00bfQu\u00e9 es?<\/h3>\n<p>En la <strong>Universidad de La Laguna<\/strong> <strong>se suceden semanalmente<\/strong> varias charlas o encuentros relacionados con\u00a0el desarrollo profesional, la empleabilidad y el emprendimiento; estos eventos est\u00e1n organizados por diferentes personas u organizaciones, tanto de la propia ULL como del entorno social y empresarial. Con este programa se pretende <strong>reunirlas bajo un mismo &#8220;paraguas&#8221;<\/strong>, para facilitar el acceso a la <strong>informaci\u00f3n actualizada<\/strong>, y ofrecer a los y las estudiantes la <strong>posibilidad de sacar un mayor partido<\/strong> a su participaci\u00f3n.<\/p>\n<h3>\u00bfC\u00f3mo participar?<\/h3>\n<ul>\n<li>Consulta la<strong> programaci\u00f3n<\/strong> de charlas\/actividades que se incluyen en este programa y <strong>decide a cu\u00e1les<\/strong> quieres asistir. O, si ves una que te llame la atenci\u00f3n <strong>f\u00edjate en si tiene el &#8220;sello&#8221;<\/strong> del programa.<\/li>\n<li>Sigue el procedimiento normal de <strong>inscripci\u00f3n<\/strong>.<\/li>\n<\/ul>\n<h3>\u00bfCertificaciones?<\/h3>\n<p>Al finalizar el curso acad\u00e9mico, la Fundaci\u00f3n General de la ULL, a trav\u00e9s de su sede electr\u00f3nica, expedir\u00e1 un <strong>certificado de asistencia por el total de charlas\/actividades atendidas<\/strong>.<\/p>\n<p>El <strong>n\u00famero de cr\u00e9ditos ECTS<\/strong> depender\u00e1 del total de horas que se hayan registrado.<\/p>\n<p>Por cada <strong>25 horas<\/strong> de formaci\u00f3n, obtendr\u00e1s <strong>1 cr\u00e9dito ECTS<\/strong>.[\/vc_column_text][vc_tta_tabs style=&#8221;modern&#8221; color=&#8221;mulled-wine&#8221; spacing=&#8221;3&#8243; gap=&#8221;1&#8243; active_section=&#8221;1&#8243;][vc_tta_section i_type=&#8221;openiconic&#8221; i_icon_openiconic=&#8221;vc-oi vc-oi-calendar-inv&#8221; add_icon=&#8221;true&#8221; title=&#8221;PR\u00d3XIMOS&#8221; tab_id=&#8221;1477658457747-a31f5527-f5f7&#8243;][vc_column_text]12 de mayo: \u00a0Tu empleabilidad en el siglo XXI: autoliderazgo, reinvenci\u00f3n y modelo de negocio flexible &#8211; De\u00a011:30 a 13:30 horas.\u00a0Maria Jose Dunjo Fernandez<\/p>\n<p><a href=\"https:\/\/sede.fg.ull.es\/es\/curso\/detalle\/a17230110\/tu-empleabilidad-en-el-siglo-xxi-autoliderazgo-reinvencion-y-modelo-de-negocio-flexible\">INSCR\u00cdBETE AQU\u00cd<\/a>[\/vc_column_text][\/vc_tta_section][vc_tta_section i_type=&#8221;openiconic&#8221; i_icon_openiconic=&#8221;vc-oi vc-oi-ok&#8221; add_icon=&#8221;true&#8221; title=&#8221;REALIZADOS&#8221; tab_id=&#8221;1477658457797-5be742c7-389e&#8221;][vc_column_text]<\/p>\n<ul>\n<li>18 de noviembre:<em>\u00a0<strong>Los 10 verbos inevitables del postdigitalismo. Emprender desde el futuro<\/strong>\u00a0<\/em>&#8211; \u00a02 horas<\/li>\n<li>28 octubre: <em><strong>Power for a Changing World<\/strong> <\/em>&#8211; \u00a02 horas<\/li>\n<li>17 octubre:<em><strong> El desarrollo del talento y las competencias del nuevo profesional<\/strong>&#8211;<\/em> 2 horas<\/li>\n<li>11 de noviembre:\u00a0<em><strong>Directiv@s de los a\u00f1os 20<\/strong><\/em> &#8211; 2 horas<\/li>\n<li>25 de noviembre: <strong><em>Liderazgo saludable<\/em><\/strong> &#8211; 2 horas<\/li>\n<li>16 de febrero:<strong>\u00a0<em>De estudiante a emprendedor. Consejos para emprender con Lean Startup<\/em><\/strong> &#8211; 2 horas<\/li>\n<li>\u00a024 de marzo. <strong><em>Jornada \u201cDigital Nomad Experiences: el nomadismo digital, una tendencia que ha venido para quedarse\u201d<\/em><\/strong>.<\/li>\n<li>31 de marzo.<em><strong> Jornada &#8220;Conocimiento del sector y formaci\u00f3n especializada, claves para el \u00e9xito empresarial&#8221;.<\/strong><\/em><\/li>\n<\/ul>\n<p>[\/vc_column_text][\/vc_tta_section][\/vc_tta_tabs][vc_single_image image=&#8221;32086&#8243;][vc_empty_space][vc_single_image image=&#8221;31584&#8243; img_size=&#8221;medium&#8221; onclick=&#8221;custom_link&#8221; link=&#8221;https:\/\/sede.fg.ull.es\/es\/curso\/detalle\/a17230013\/digital-nomad-experiences-el-nomadismo-digital-una-tendencia-que-ha-venido-para-quedarse&#8221;][vc_widget_sidebar sidebar_id=&#8221;derecha_empleo&#8221;][\/vc_column][\/vc_row]<\/p>\n<\/section>","protected":false},"excerpt":{"rendered":"<p>[vc_row][vc_column][vc_single_image image=&#8221;32423&#8243; img_size=&#8221;large&#8221;][vc_column_text] El Vicerrectorado de Relaciones con la Sociedad de la ULL, a trav\u00e9s de la Fundaci\u00f3n General Universidad de La Laguna, pone en marcha este programa destinado a la comunidad universitaria que pretende dar valor a la participaci\u00f3n en charlas y eventos formativos. \u00bfQu\u00e9 es? En la Universidad de La Laguna se suceden&#8230;<\/p>\n","protected":false},"author":1,"featured_media":0,"parent":0,"menu_order":0,"comment_status":"closed","ping_status":"closed","template":"","meta":{"footnotes":""},"_links":{"self":[{"href":"https:\/\/fg.ull.es\/empleo\/wp-json\/wp\/v2\/pages\/29789"}],"collection":[{"href":"https:\/\/fg.ull.es\/empleo\/wp-json\/wp\/v2\/pages"}],"about":[{"href":"https:\/\/fg.ull.es\/empleo\/wp-json\/wp\/v2\/types\/page"}],"author":[{"embeddable":true,"href":"https:\/\/fg.ull.es\/empleo\/wp-json\/wp\/v2\/users\/1"}],"replies":[{"embeddable":true,"href":"https:\/\/fg.ull.es\/empleo\/wp-json\/wp\/v2\/comments?post=29789"}],"version-history":[{"count":6,"href":"https:\/\/fg.ull.es\/empleo\/wp-json\/wp\/v2\/pages\/29789\/revisions"}],"predecessor-version":[{"id":41134,"href":"https:\/\/fg.ull.es\/empleo\/wp-json\/wp\/v2\/pages\/29789\/revisions\/41134"}],"wp:attachment":[{"href":"https:\/\/fg.ull.es\/empleo\/wp-json\/wp\/v2\/media?parent=29789"}],"curies":[{"name":"wp","href":"https:\/\/api.w.org\/{rel}","templated":true}]}}