{"id":18,"date":"2016-10-24T09:47:36","date_gmt":"2016-10-24T09:47:36","guid":{"rendered":"https:\/\/fg.ull.es\/empleo\/?page_id=18"},"modified":"2026-02-27T10:43:51","modified_gmt":"2026-02-27T10:43:51","slug":"formacion-practica","status":"publish","type":"page","link":"https:\/\/fg.ull.es\/empleo\/formacion-practica\/","title":{"rendered":"Formaci\u00f3n Pr\u00e1ctica"},"content":{"rendered":"<section class=\"wpb-content-wrapper\"><p>[vc_row][vc_column][rev_slider_vc alias=&#8221;contigo&#8221;][vc_empty_space height=&#8221;60px&#8221;][\/vc_column][\/vc_row][vc_row][vc_column width=&#8221;2\/3&#8243;][vc_empty_space height=&#8221;20px&#8221;][vc_custom_heading text=&#8221;\u00bf QU\u00c9 HACEMOS?&#8221; font_container=&#8221;tag:h5|font_size:20|text_align:left&#8221; use_theme_fonts=&#8221;yes&#8221; css=&#8221;.vc_custom_1555064648306{margin-bottom: 15px !important;padding-top: 0px !important;}&#8221;][vc_column_text]Desde la Agencia Universitaria de Empleo actuamos\u00a0como nexo de uni\u00f3n entre el tejido empresarial de Canarias y la comunidad universitaria, tanto con el alumnado como con sus egresados.<\/p>\n<div class=\"page\" title=\"Page 3\">\n<div class=\"section\">\n<div class=\"layoutArea\">\n<div class=\"column\">\n<p>Desarrollamos y gestionamos programas de Formaci\u00f3n Pr\u00e1ctica, destinados a proporcionar una primera experiencia profesional a las personas beneficiarias, complementando los conocimientos adquiridos en la etapa acad\u00e9mica con otros derivados de las pr\u00e1cticas en empresa.<\/p>\n<p>Si quieres conocer las ofertas de pr\u00e1cticas remuneradas en empresas activas en estos momentos, accede al Portal de Ofertas.<\/p>\n<\/div>\n<\/div>\n<\/div>\n<\/div>\n<p>[\/vc_column_text][vc_empty_space height=&#8221;40px&#8221;][vc_column_text]<\/p>\n<h3>Acceso al Portal de Ofertas<\/h3>\n<p>[\/vc_column_text][vc_btn title=&#8221;Acceso al Portal de Ofertas&#8221; color=&#8221;warning&#8221; size=&#8221;lg&#8221; link=&#8221;url:https%3A%2F%2Ffgulles.epreselec.com%2FOfertas%2FOfertas.aspx|target:_blank&#8221;][\/vc_column][vc_column width=&#8221;1\/3&#8243;][vc_custom_heading text=&#8221;PROGRAMAS&#8221; font_container=&#8221;tag:h5|font_size:20|text_align:left&#8221; use_theme_fonts=&#8221;yes&#8221; css=&#8221;.vc_custom_1555064665114{margin-bottom: 15px !important;padding-top: 0px !important;}&#8221;][vc_tta_accordion active_section=&#8221;&#8221;][vc_tta_section title=&#8221;BECAS DE INSERCI\u00d3N LABORAL&#8221; tab_id=&#8221;1496748767930-6245a8be-ece3&#8243;][vc_column_text]Programa de pr\u00e1cticas en empresas dirigido a personas reci\u00e9n tituladas en educaci\u00f3n superior, para fomentar la mejora de la empleabilidad, que cumplan los siguientes requisitos de acceso.<\/p>\n<ol>\n<li>Ser titulado\/a sin haber transcurrido m\u00e1s de 36 meses desde la finalizaci\u00f3n de la titulaci\u00f3n solicitada.<\/li>\n<li>No podr\u00e1n optar a estas becas aquellos\/as titulados\/as que hayan sido beneficiarios de otros programas de becas de inserci\u00f3n laboral por un per\u00edodo total acumulado de doce meses asociados a los estudios por los que opta a la misma.<\/li>\n<li>No haber superado una experiencia laboral de m\u00e1s de 6 meses desde la finalizaci\u00f3n de la titulaci\u00f3n.<\/li>\n<\/ol>\n<p>Si cumples con estos requisitos, accede al <strong>Portal de Ofertas<\/strong> e inscr\u00edbete.[\/vc_column_text][\/vc_tta_section][vc_tta_section title=&#8221;CATALIZA: PR\u00c1CTICAS NO LABORALES EN EMPRESAS&#8221; tab_id=&#8221;1496748767962-2c58c8e9-29cc&#8221;][vc_column_text]Es un programa para el fomento de la inserci\u00f3n laboral de j\u00f3venes desempleados con formaci\u00f3n, pero con escasa experiencia laboral, en base a una estructura de apoyo guiada y de una formaci\u00f3n singularizada complementaria.<\/p>\n<p>Para su financiaci\u00f3n, se combina la aportaci\u00f3n de fondos p\u00fablicos y privados.<\/p>\n<p>[\/vc_column_text][vc_btn title=&#8221;M\u00e1s informaci\u00f3n&#8221; color=&#8221;info&#8221; size=&#8221;lg&#8221; align=&#8221;center&#8221; i_icon_fontawesome=&#8221;&#8221; button_block=&#8221;true&#8221; add_icon=&#8221;true&#8221; link=&#8221;url:https%3A%2F%2Ffg.ull.es%2Fempleo%2Fcataliza-canarias%2F|target:_blank&#8221;][\/vc_tta_section][\/vc_tta_accordion][vc_empty_space height=&#8221;8px&#8221;][vc_custom_heading text=&#8221;EMPRESAS COLABORADORAS&#8221; font_container=&#8221;tag:h5|font_size:20|text_align:left&#8221; use_theme_fonts=&#8221;yes&#8221; css=&#8221;.vc_custom_1613056319084{margin-bottom: 15px !important;padding-top: 0px !important;}&#8221;][vc_btn title=&#8221;Solicitud&#8221; color=&#8221;black&#8221; size=&#8221;lg&#8221; align=&#8221;center&#8221; button_block=&#8221;true&#8221; link=&#8221;url:https%3A%2F%2Fsede.fg.ull.es%2Fes%2Fentidad%2Fempresaformalumno%2F2||target:%20_blank|&#8221;][vc_btn title=&#8221;M\u00e1s informaci\u00f3n&#8221; color=&#8221;info&#8221; size=&#8221;lg&#8221; align=&#8221;center&#8221; i_icon_fontawesome=&#8221;&#8221; button_block=&#8221;true&#8221; add_icon=&#8221;true&#8221; link=&#8221;url:https%3A%2F%2Ffg.ull.es%2Fempleo%2Fbecas-insercion-laboral%2F|target:_blank&#8221;][vc_empty_space height=&#8221;8px&#8221;][vc_custom_heading text=&#8221;RECURSOS&#8221; font_container=&#8221;tag:h5|font_size:20|text_align:left&#8221; use_theme_fonts=&#8221;yes&#8221; css=&#8221;.vc_custom_1613056334994{margin-bottom: 15px !important;padding-top: 0px !important;}&#8221;][vc_btn title=&#8221;V\u00eddeo Experiencias&#8221; color=&#8221;juicy-pink&#8221; size=&#8221;lg&#8221; align=&#8221;center&#8221; i_icon_fontawesome=&#8221;&#8221; button_block=&#8221;true&#8221; add_icon=&#8221;true&#8221; link=&#8221;url:https%3A%2F%2Fwww.youtube.com%2Fplaylist%3Flist%3DPLbU1uwxBUAGGfc1waU2ViSh-lUdcR6RjQ||target:%20_blank|&#8221;][\/vc_column][\/vc_row]<\/p>\n<\/section>","protected":false},"excerpt":{"rendered":"<p>[vc_row][vc_column][rev_slider_vc alias=&#8221;contigo&#8221;][vc_empty_space height=&#8221;60px&#8221;][\/vc_column][\/vc_row][vc_row][vc_column width=&#8221;2\/3&#8243;][vc_empty_space height=&#8221;20px&#8221;][vc_custom_heading text=&#8221;\u00bf QU\u00c9 HACEMOS?&#8221; font_container=&#8221;tag:h5|font_size:20|text_align:left&#8221; use_theme_fonts=&#8221;yes&#8221; css=&#8221;.vc_custom_1555064648306{margin-bottom: 15px !important;padding-top: 0px !important;}&#8221;][vc_column_text]Desde la Agencia Universitaria de Empleo actuamos\u00a0como nexo de uni\u00f3n entre el tejido empresarial de Canarias y la comunidad universitaria, tanto con el alumnado como con sus egresados. Desarrollamos y gestionamos programas de Formaci\u00f3n Pr\u00e1ctica, destinados a proporcionar una primera experiencia&#8230;<\/p>\n","protected":false},"author":1,"featured_media":0,"parent":0,"menu_order":0,"comment_status":"closed","ping_status":"closed","template":"templates\/template-frontpage.php","meta":{"footnotes":""},"_links":{"self":[{"href":"https:\/\/fg.ull.es\/empleo\/wp-json\/wp\/v2\/pages\/18"}],"collection":[{"href":"https:\/\/fg.ull.es\/empleo\/wp-json\/wp\/v2\/pages"}],"about":[{"href":"https:\/\/fg.ull.es\/empleo\/wp-json\/wp\/v2\/types\/page"}],"author":[{"embeddable":true,"href":"https:\/\/fg.ull.es\/empleo\/wp-json\/wp\/v2\/users\/1"}],"replies":[{"embeddable":true,"href":"https:\/\/fg.ull.es\/empleo\/wp-json\/wp\/v2\/comments?post=18"}],"version-history":[{"count":33,"href":"https:\/\/fg.ull.es\/empleo\/wp-json\/wp\/v2\/pages\/18\/revisions"}],"predecessor-version":[{"id":38481,"href":"https:\/\/fg.ull.es\/empleo\/wp-json\/wp\/v2\/pages\/18\/revisions\/38481"}],"wp:attachment":[{"href":"https:\/\/fg.ull.es\/empleo\/wp-json\/wp\/v2\/media?parent=18"}],"curies":[{"name":"wp","href":"https:\/\/api.w.org\/{rel}","templated":true}]}}