{"id":16946,"date":"2015-05-26T14:30:45","date_gmt":"2015-05-26T14:30:45","guid":{"rendered":"http:\/\/www.fg.ull.es\/?page_id=16946"},"modified":"2017-06-06T12:37:49","modified_gmt":"2017-06-06T12:37:49","slug":"barriosporelempleo","status":"publish","type":"page","link":"https:\/\/fg.ull.es\/empleo\/barriosporelempleo\/","title":{"rendered":"Barrios por el Empleo"},"content":{"rendered":"<section class=\"wpb-content-wrapper\"><p>[vc_row css=&#8221;.vc_custom_1496752667847{padding-top: 0px !important;}&#8221; fullwidth=&#8221;&#8221; textcolor=&#8221;default&#8221; bgtype=&#8221;default&#8221;][vc_column css=&#8221;.vc_custom_1436870435619{padding-top: 42px !important;}&#8221;][vc_column_text]<\/p>\n<h2><span style=\"color: #333333;\">Barrios por el empleo<\/span><\/h2>\n<p>&nbsp;<\/p>\n<p><span style=\"color: #333333;\">Es una iniciativa experimental que pretende incidir en la mejora de la empleabilidad de las personas que presentan m\u00e1s dificultades para acceder a un puesto de trabajo. Actualmente se materializa en proyectos diferenciados que act\u00faan en los \u00e1mbitos geogr\u00e1ficos de La Cuesta y Taco, con extensiones en Finca Espa\u00f1a y Los Majuelos, localidades del municipio de San Crist\u00f3bal de La Laguna.<\/span><\/p>\n<p>&nbsp;<\/p>\n<p>&nbsp;<\/p>\n<p><img decoding=\"async\" loading=\"lazy\" class=\" wp-image-16947 size-full aligncenter\" src=\"http:\/\/www.fg.ull.es\/wp-content\/uploads\/2015\/05\/CABECERA_Barrios.gif\" alt=\"Barrios Por el Empleo\" width=\"1024\" height=\"304\" \/><\/p>\n<p>&nbsp;<\/p>\n<p>&nbsp;<\/p>\n<p><span style=\"color: #333333;\">El objetivo fundamental de <strong><span style=\"text-decoration: underline; color: #005689;\"><a style=\"color: #005689; text-decoration: underline;\" href=\"http:\/\/www.barriosporelempleo.org\/\" target=\"_blank\" rel=\"noopener noreferrer\">Barrios por el Empleo<\/a><\/span><\/strong> es contribuir a la articulaci\u00f3n de los recursos existentes de cara al fomento del empleo y a la mejora de la empleabilidad en la escala de barrio. Su funcionamiento depende de la colaboraci\u00f3n de m\u00faltiples actores, que van integrando y haciendo crecer una red de apoyo a las personas desempleadas o que buscan su primer empleo. Por ese motivo, la comunicaci\u00f3n, la coordinaci\u00f3n y la cooperaci\u00f3n para la promoci\u00f3n del empleo suponen sus premisas fundamentales, y al mismo tiempo, los elementos que dan sentido a un proyecto que tiene su origen en el trabajo comunitario representado por la iniciativa Vecinos al Proyecto.<\/span>[\/vc_column_text][vc_button title=&#8221;Visita la web de Barrios por el Empleo&#8221; target=&#8221;_blank&#8221; color=&#8221;btn-inverse&#8221; href=&#8221;http:\/\/www.barriosporelempleo.org\/&#8221;][\/vc_column][\/vc_row]<\/p>\n<\/section>","protected":false},"excerpt":{"rendered":"<p>[vc_row css=&#8221;.vc_custom_1496752667847{padding-top: 0px !important;}&#8221; fullwidth=&#8221;&#8221; textcolor=&#8221;default&#8221; bgtype=&#8221;default&#8221;][vc_column css=&#8221;.vc_custom_1436870435619{padding-top: 42px !important;}&#8221;][vc_column_text] Barrios por el empleo &nbsp; Es una iniciativa experimental que pretende incidir en la mejora de la empleabilidad de las personas que presentan m\u00e1s dificultades para acceder a un puesto de trabajo. Actualmente se materializa en proyectos diferenciados que act\u00faan en los \u00e1mbitos geogr\u00e1ficos de&#8230;<\/p>\n","protected":false},"author":1,"featured_media":0,"parent":0,"menu_order":0,"comment_status":"closed","ping_status":"closed","template":"","meta":{"footnotes":""},"_links":{"self":[{"href":"https:\/\/fg.ull.es\/empleo\/wp-json\/wp\/v2\/pages\/16946"}],"collection":[{"href":"https:\/\/fg.ull.es\/empleo\/wp-json\/wp\/v2\/pages"}],"about":[{"href":"https:\/\/fg.ull.es\/empleo\/wp-json\/wp\/v2\/types\/page"}],"author":[{"embeddable":true,"href":"https:\/\/fg.ull.es\/empleo\/wp-json\/wp\/v2\/users\/1"}],"replies":[{"embeddable":true,"href":"https:\/\/fg.ull.es\/empleo\/wp-json\/wp\/v2\/comments?post=16946"}],"version-history":[{"count":1,"href":"https:\/\/fg.ull.es\/empleo\/wp-json\/wp\/v2\/pages\/16946\/revisions"}],"predecessor-version":[{"id":32452,"href":"https:\/\/fg.ull.es\/empleo\/wp-json\/wp\/v2\/pages\/16946\/revisions\/32452"}],"wp:attachment":[{"href":"https:\/\/fg.ull.es\/empleo\/wp-json\/wp\/v2\/media?parent=16946"}],"curies":[{"name":"wp","href":"https:\/\/api.w.org\/{rel}","templated":true}]}}