{"id":16871,"date":"2015-05-18T13:40:40","date_gmt":"2015-05-18T13:40:40","guid":{"rendered":"http:\/\/www.fg.ull.es\/?page_id=16871"},"modified":"2025-05-27T07:41:39","modified_gmt":"2025-05-27T07:41:39","slug":"orientate-ull-servicio-de-orientacion-laboral","status":"publish","type":"page","link":"https:\/\/fg.ull.es\/empleo\/orientate-ull-servicio-de-orientacion-laboral\/","title":{"rendered":"Servicio de Orientaci\u00f3n e Intermediaci\u00f3n Laboral"},"content":{"rendered":"<section class=\"wpb-content-wrapper\"><p>[vc_row][vc_column]\n\t\t\t<!-- START Orientacion e intermediacion REVOLUTION SLIDER 6.6.15 --><p class=\"rs-p-wp-fix\"><\/p>\n\t\t\t<rs-module-wrap id=\"rev_slider_23_1_wrapper\" data-source=\"gallery\" style=\"visibility:hidden;background:transparent;padding:0;margin:0px auto;margin-top:0;margin-bottom:0;\">\n\t\t\t\t<rs-module id=\"rev_slider_23_1\" style=\"\" data-version=\"6.6.15\">\n\t\t\t\t\t<rs-slides style=\"overflow: hidden; position: absolute;\">\n\t\t\t\t\t\t<rs-slide style=\"position: absolute;\" data-key=\"rs-99\" data-title=\"Slide\" data-in=\"o:0;\" data-out=\"a:false;\">\n\t\t\t\t\t\t\t<img src=\"\/\/fg.ull.es\/empleo\/wp-content\/plugins\/revslider\/public\/assets\/assets\/dummy.png\" alt=\"\" title=\"Elementos_Header Orientaci\u00f3n\" width=\"1931\" height=\"841\" class=\"rev-slidebg tp-rs-img rs-lazyload\" data-lazyload=\"\/\/fg.ull.es\/empleo\/wp-content\/uploads\/sites\/6\/2025\/01\/1-Elementos_Header%20Orientaci\u00f3n.png\" data-no-retina>\n<!--\n\t\t\t\t\t\t\t--><rs-layer\n\t\t\t\t\t\t\t\tid=\"slider-23-slide-99-layer-4\" \n\t\t\t\t\t\t\t\tdata-type=\"image\"\n\t\t\t\t\t\t\t\tdata-rsp_ch=\"on\"\n\t\t\t\t\t\t\t\tdata-xy=\"xo:278px,227px,172px,14px;yo:201px,221px,167px,181px;\"\n\t\t\t\t\t\t\t\tdata-text=\"w:normal;s:20,16,12,7;l:0,20,15,9;\"\n\t\t\t\t\t\t\t\tdata-dim=\"w:361px,298px,226px,169px;h:60px,49px,37px,28px;\"\n\t\t\t\t\t\t\t\tdata-frame_1=\"st:1600;sR:1600;\"\n\t\t\t\t\t\t\t\tdata-frame_999=\"o:0;st:w;sR:7100;\"\n\t\t\t\t\t\t\t\tstyle=\"z-index:8;\"\n\t\t\t\t\t\t\t><img src=\"\/\/fg.ull.es\/empleo\/wp-content\/plugins\/revslider\/public\/assets\/assets\/dummy.png\" alt=\"\" class=\"tp-rs-img rs-lazyload\" width=\"542\" height=\"90\" data-lazyload=\"\/\/fg.ull.es\/empleo\/wp-content\/uploads\/sites\/6\/2025\/01\/1-Elementos_Teayudamos-e1738063767307.png\" data-no-retina> \n\t\t\t\t\t\t\t<\/rs-layer><!--\n\n\t\t\t\t\t\t\t--><rs-layer\n\t\t\t\t\t\t\t\tid=\"slider-23-slide-99-layer-5\" \n\t\t\t\t\t\t\t\tdata-type=\"image\"\n\t\t\t\t\t\t\t\tdata-rsp_ch=\"on\"\n\t\t\t\t\t\t\t\tdata-xy=\"xo:69px,50px,37px,22px;yo:24px,55px,41px,25px;\"\n\t\t\t\t\t\t\t\tdata-text=\"w:normal;s:20,16,12,7;l:0,20,15,9;\"\n\t\t\t\t\t\t\t\tdata-dim=\"w:406px,335px,254px,379px;h:153px,126px,95px,143px;\"\n\t\t\t\t\t\t\t\tdata-frame_1=\"st:950;sR:950;\"\n\t\t\t\t\t\t\t\tdata-frame_999=\"o:0;st:w;sR:7750;\"\n\t\t\t\t\t\t\t\tstyle=\"z-index:9;\"\n\t\t\t\t\t\t\t><img src=\"\/\/fg.ull.es\/empleo\/wp-content\/plugins\/revslider\/public\/assets\/assets\/dummy.png\" alt=\"\" class=\"tp-rs-img rs-lazyload\" width=\"1905\" height=\"719\" data-lazyload=\"\/\/fg.ull.es\/empleo\/wp-content\/uploads\/sites\/6\/2025\/01\/1-Elementos redise\u00f1o web EMPLEO_Texto orientaci\u00f3n.png\" data-no-retina> \n\t\t\t\t\t\t\t<\/rs-layer><!--\n\n\t\t\t\t\t\t\t--><a\n\t\t\t\t\t\t\t\tid=\"slider-23-slide-99-layer-6\" \n\t\t\t\t\t\t\t\tclass=\"rs-layer\"\n\t\t\t\t\t\t\t\thref=\"https:\/\/fg.ull.es\/gestionaue\/formularios\/index.php\/433893?lang=es\" target=\"_blank\" rel=\"noopener\"\n\t\t\t\t\t\t\t\tdata-type=\"image\"\n\t\t\t\t\t\t\t\tdata-rsp_ch=\"on\"\n\t\t\t\t\t\t\t\tdata-xy=\"xo:43px,31px,23px,5px;yo:183px,206px,156px,215px;\"\n\t\t\t\t\t\t\t\tdata-text=\"w:normal;s:20,16,12,7;l:0,20,15,9;\"\n\t\t\t\t\t\t\t\tdata-dim=\"w:241px,199px,151px,154px;h:103px,85px,64px,66px;\"\n\t\t\t\t\t\t\t\tdata-frame_1=\"st:2260;sR:2260;\"\n\t\t\t\t\t\t\t\tdata-frame_999=\"o:0;st:w;sR:6440;\"\n\t\t\t\t\t\t\t\tstyle=\"z-index:10;\"\n\t\t\t\t\t\t\t><img src=\"\/\/fg.ull.es\/empleo\/wp-content\/plugins\/revslider\/public\/assets\/assets\/dummy.png\" alt=\"\" class=\"tp-rs-img rs-lazyload\" width=\"372\" height=\"159\" data-lazyload=\"\/\/fg.ull.es\/empleo\/wp-content\/uploads\/sites\/6\/2024\/02\/1-Recurso%2069.png\" data-no-retina> \n\t\t\t\t\t\t\t<\/a><!--\n-->\t\t\t\t\t\t<\/rs-slide>\n\t\t\t\t\t<\/rs-slides>\n\t\t\t\t<\/rs-module>\n\t\t\t\t<script>\n\t\t\t\t\tsetREVStartSize({c: 'rev_slider_23_1',rl:[1240,1024,778,480],el:[400,330,250.994,720],gw:[1240,1024,778,480],gh:[400,330,251,720],type:'standard',justify:'',layout:'fullwidth',mh:\"0\"});if (window.RS_MODULES!==undefined && window.RS_MODULES.modules!==undefined && window.RS_MODULES.modules[\"revslider231\"]!==undefined) {window.RS_MODULES.modules[\"revslider231\"].once = false;window.revapi23 = undefined;if (window.RS_MODULES.checkMinimal!==undefined) window.RS_MODULES.checkMinimal()}\n\t\t\t\t<\/script>\n\t\t\t<\/rs-module-wrap>\n\t\t\t<!-- END REVOLUTION SLIDER -->\n[\/vc_column][\/vc_row][vc_row][vc_column][vc_empty_space height=&#8221;70px&#8221;][vc_column_text]La <strong>Unidad de Orientaci\u00f3n e Intermediaci\u00f3n laboral<\/strong> de la Agencia Universitaria de Empleo AUE tiene por objetivo <strong>mejorar la empleabilidad y fomentar la inserci\u00f3n laboral del alumnado y de quienes\u00a0 hayan titulado<\/strong>, colaborando as\u00ed con el tejido empresarial canario.[\/vc_column_text][vc_empty_space][vc_custom_heading text=&#8221;\u00bfQu\u00e9 te ofrecemos?&#8221; font_container=&#8221;tag:h2|text_align:center|color:%235c068c&#8221; use_theme_fonts=&#8221;yes&#8221;][vc_empty_space][vc_row_inner rtl_reverse=&#8221;yes&#8221;][vc_column_inner width=&#8221;1\/2&#8243;][vc_cta h2=&#8221;Orientaci\u00f3n Laboral&#8221; h2_font_container=&#8221;tag:h2|font_size:25|text_align:center&#8221; h2_use_theme_fonts=&#8221;yes&#8221; style=&#8221;outline&#8221; color=&#8221;sandy-brown&#8221; css_animation=&#8221;bounceIn&#8221; use_custom_fonts_h2=&#8221;true&#8221;]Brindamos asesoramiento individualizado para fortalecer la empleabilidad de estudiantes y personas tituladas en educaci\u00f3n superior.<\/p>\n<p>\u00bfTe interesa? <a href=\"https:\/\/fg.ull.es\/gestionaue\/formularios\/index.php\/433893?lang=es\" target=\"_blank\" rel=\"noopener\"><strong>Pide cita<\/strong><\/a>.[\/vc_cta][\/vc_column_inner][vc_column_inner width=&#8221;1\/2&#8243;][vc_cta h2=&#8221;Intermediaci\u00f3n Laboral&#8221; h2_font_container=&#8221;tag:h2|font_size:25|text_align:center&#8221; h2_use_theme_fonts=&#8221;yes&#8221; style=&#8221;outline&#8221; color=&#8221;violet&#8221; css_animation=&#8221;bounceIn&#8221; use_custom_fonts_h2=&#8221;true&#8221;]Impulsamos la experiencia profesional y la inserci\u00f3n laboral del alumnado y egresados de la Universidad de La Laguna a trav\u00e9s de programas de formaci\u00f3n pr\u00e1ctica y gesti\u00f3n de ofertas de empleo.<\/p>\n<p>\u00bfTe interesa? <a href=\"https:\/\/fg.ull.es\/gestionaue\/formularios\/index.php\/433893?lang=es\" target=\"_blank\" rel=\"noopener\"><strong>Pide cita<\/strong><\/a>.[\/vc_cta][\/vc_column_inner][\/vc_row_inner][\/vc_column][\/vc_row][vc_row][vc_column][vc_empty_space height=&#8221;64px&#8221;][vc_custom_heading text=&#8221;Nuestros programas de orientaci\u00f3n e intermediaci\u00f3n laboral&#8221; font_container=&#8221;tag:h2|text_align:center|color:%235c068c&#8221; use_theme_fonts=&#8221;yes&#8221;][vc_empty_space][\/vc_column][\/vc_row][vc_row css=&#8221;.vc_custom_1738065219155{padding-top: 0px !important;}&#8221;][vc_column css=&#8221;.vc_custom_1434118843059{padding-right: 46px !important;}&#8221;][vc_empty_space][vc_row_inner disable_element=&#8221;yes&#8221;][vc_column_inner width=&#8221;1\/4&#8243;][vc_btn title=&#8221;SOAL&#8221; style=&#8221;outline-custom&#8221; outline_custom_color=&#8221;#8224e3&#8243; outline_custom_hover_background=&#8221;#1e73be&#8221; outline_custom_hover_text=&#8221;#ffffff&#8221; shape=&#8221;square&#8221; size=&#8221;lg&#8221; align=&#8221;center&#8221; link=&#8221;url:https%3A%2F%2Ffg.ull.es%2Fempleo%2Fsoal%2F&#8221;][\/vc_column_inner][vc_column_inner width=&#8221;1\/4&#8243;][vc_btn title=&#8221;Capacita&#8221; style=&#8221;outline-custom&#8221; outline_custom_color=&#8221;#8224e3&#8243; outline_custom_hover_background=&#8221;#1e73be&#8221; outline_custom_hover_text=&#8221;#ffffff&#8221; shape=&#8221;square&#8221; size=&#8221;lg&#8221; align=&#8221;center&#8221; link=&#8221;url:https%3A%2F%2Ffg.ull.es%2Fempleo%2Fcapacita%2F&#8221;][\/vc_column_inner][vc_column_inner width=&#8221;1\/4&#8243;][vc_btn title=&#8221;Formaci\u00f3n pr\u00e1ctica (becas)&#8221; style=&#8221;outline-custom&#8221; outline_custom_color=&#8221;#8224e3&#8243; outline_custom_hover_background=&#8221;#1e73be&#8221; outline_custom_hover_text=&#8221;#ffffff&#8221; shape=&#8221;square&#8221; size=&#8221;lg&#8221; align=&#8221;center&#8221; link=&#8221;url:https%3A%2F%2Ffg.ull.es%2Fempleo%2Fformacion-practica%2F&#8221;][\/vc_column_inner][vc_column_inner width=&#8221;1\/4&#8243;][vc_btn title=&#8221;Ofertas&#8221; style=&#8221;outline-custom&#8221; outline_custom_color=&#8221;#8224e3&#8243; outline_custom_hover_background=&#8221;#1e73be&#8221; outline_custom_hover_text=&#8221;#ffffff&#8221; shape=&#8221;square&#8221; size=&#8221;lg&#8221; align=&#8221;center&#8221; link=&#8221;url:https%3A%2F%2Fsede.fg.ull.es%2Fes%2Fempleo|target:_blank&#8221;][\/vc_column_inner][\/vc_row_inner][\/vc_column][\/vc_row][vc_row][vc_column][vc_row_inner][vc_column_inner width=&#8221;1\/3&#8243;][vc_single_image image=&#8221;42998&#8243; img_size=&#8221;medium&#8221; onclick=&#8221;custom_link&#8221; img_link_target=&#8221;_blank&#8221; link=&#8221;https:\/\/fg.ull.es\/empleo\/soal\/&#8221;][\/vc_column_inner][vc_column_inner width=&#8221;1\/3&#8243;][vc_single_image image=&#8221;43275&#8243; img_size=&#8221;medium&#8221; alignment=&#8221;center&#8221; onclick=&#8221;custom_link&#8221; img_link_target=&#8221;_blank&#8221; link=&#8221;https:\/\/fg.ull.es\/empleo\/capacita\/&#8221;][\/vc_column_inner][vc_column_inner width=&#8221;1\/3&#8243;][vc_single_image image=&#8221;43473&#8243; img_size=&#8221;full&#8221; alignment=&#8221;center&#8221; onclick=&#8221;custom_link&#8221; img_link_target=&#8221;_blank&#8221; link=&#8221;https:\/\/fg.ull.es\/empleo\/cataliza-canarias\/&#8221;][\/vc_column_inner][\/vc_row_inner][vc_empty_space height=&#8221;30px&#8221;][vc_row_inner][vc_column_inner width=&#8221;1\/3&#8243;][vc_single_image image=&#8221;43262&#8243; img_size=&#8221;medium&#8221; onclick=&#8221;custom_link&#8221; link=&#8221;https:\/\/sede.fg.ull.es\/es\/empleo&#8221;][\/vc_column_inner][vc_column_inner width=&#8221;1\/3&#8243;][vc_single_image image=&#8221;43477&#8243; img_size=&#8221;large&#8221; alignment=&#8221;center&#8221; onclick=&#8221;custom_link&#8221; img_link_target=&#8221;_blank&#8221; link=&#8221;https:\/\/fg.ull.es\/empleo\/i-edicion-programa-de-practicas-no-laborables-en-paises-africanos-para-jovenes-talentos-canarios\/&#8221;][\/vc_column_inner][vc_column_inner width=&#8221;1\/3&#8243;][vc_single_image image=&#8221;43476&#8243; img_size=&#8221;large&#8221; alignment=&#8221;center&#8221; onclick=&#8221;custom_link&#8221; link=&#8221;https:\/\/fg.ull.es\/empleo\/talento-africano\/&#8221;][\/vc_column_inner][\/vc_row_inner][vc_empty_space height=&#8221;100px&#8221;][vc_column_text]<style>\n\n    .vc_row-has-fill+.vc_row-full-width+.vc_row.vc-noticias>.vc_column_container>.vc_column-inner {\n        padding: 0 !important;\n    }\n\n    .news-block {\n        background: #f5f5f5;\n    }\n\n    .news-block ul li {\n        min-height: 300px;\n        border-right: solid 3px #fff;\n    }\n\n    .news-block ul li:last-child {\n        border-right: none;\n    }\n\n    .news-block ul {\n        list-style: none;\n        margin: 0;\n        padding: 0;\n    }\n\n    .news-block ul li {\n        padding: 0 !important;\n    }\n\n    .news-block .caption {\n        padding: 8px 10px;\n    }\n    .news-block .caption h4 {\n        font-size: 14px;\n        font-weight: normal !important;\n        padding-top: 8px;\n        line-height: normal !important;\n    }\n\n    .news-block .caption .date {\n        font-size: 12px;\n        font-weight: bold;\n        color: #444;\n        margin-top: 6px;\n    }\n\n    .news-control{\n        width: 100%;\n        padding: 8px 15px;\n        overflow: hidden;\n    }\n\n    .news-control a {\n        color: #444;\n    }\n\n    .news-block a:hover {\n        text-decoration: none !important;\n        border: 0;\n    }\n    .news-control a.right { float: right; }\n    .news-control a.left { float: left; }\n\n    .news-block .thumbnail {\n        border: 0;\n        padding: 0;\n        border-radius: 0;\n        margin-bottom: 0;\n    }\n\n    .news-block .thumbnail a {\n        display: block;\n        width: 100%;\n        height: 160px;\n        background-size: cover;\n        background-repeat: no-repeat;\n    }\n\n    .more-news {\n        margin-top: 30px;\n    }\n\n    .more-news a {\n        display: block;\n        float: right;\n        background: #7a3b7a;\n        padding: 8px 20px;\n        color: #fff;\n    }\n\n    .more-news a:hover {\n        text-decoration: none;\n    }\n\n    .more-news a i {\n        margin-left: 6px;\n    }\n\n    .news-header h2 {\n        color: #444;\n        font-weight: bold;\n        width: 100%;\n        border-bottom: solid 3px #fff;\n        padding: 20px;\n        padding-bottom: 15px;\n        margin: 0;\n        font-size: 30px;\n        line-height: 30px;\n        text-transform: uppercase;\n    }\n\n    @media only screen and (max-width : 480px) {\n        .news-header h2 {\n            font-size: 20px;\n            padding: 10px;\n            line-height: 24px;\n        }\n    }\n\n<\/style>\n\n<div class=\"news-block\">\n    <div class=\"news-header\">\n        <h2>\u00daltimas noticias<\/h2>\n    <\/div>\n\n    <div class=\"news-control\">\n        <a class=\"left \" href=\"#newsCarousel\" role=\"button\" data-slide=\"prev\">\n            <span class=\"fa fa-chevron-left\" aria-hidden=\"true\"><\/span>\n            <span class=\"sr-only\">Siguiente<\/span>\n        <\/a>\n        <a class=\"right\" href=\"#newsCarousel\" role=\"button\" data-slide=\"next\">\n            <span class=\"fa fa-chevron-right\" aria-hidden=\"true\"><\/span>\n            <span class=\"sr-only\">Anterior<\/span>\n        <\/a>\n    <\/div>\n\n    <div class=\"carousel slide\" id=\"newsCarousel\">\n        <div class=\"carousel-inner\">\n                        <div class=\"item active\">\n                <ul class=\"thumbnails\">\n            \n                <li class=\"col-sm-3 col-xs-6\">\n                    <div class=\"fff\">\n                        <div class=\"thumbnail\">\n                            <a href=\"https:\/\/fg.ull.es\/noticias\/2026\/04\/09\/60122\/\" style=\"background-image: url('https:\/\/fg.ull.es\/noticias\/wp-content\/uploads\/sites\/2\/2026\/04\/enciende-tech-grupo-300x200.jpg');\"><\/a>\n                        <\/div>\n                        <div class=\"caption\">\n                            <p class=\"date\">\n                                09 Apr 2026 - 15:07 UTC                            <\/p>\n                            <h4><a href=\"https:\/\/fg.ull.es\/noticias\/2026\/04\/09\/60122\/\">La ULL acoge Enciende Tech, un encuentro para conectar universidad y emprendimiento tecnol\u00f3gico<\/a><\/h4>\n                        <\/div>\n                    <\/div>\n                <\/li>\n                \n                <li class=\"col-sm-3 col-xs-6\">\n                    <div class=\"fff\">\n                        <div class=\"thumbnail\">\n                            <a href=\"https:\/\/fg.ull.es\/noticias\/2026\/04\/07\/barrios-por-el-empleo-facilitara-mas-de-680-inserciones-laborales-en-tenerife-durante-2026\/\" style=\"background-image: url('https:\/\/fg.ull.es\/noticias\/wp-content\/uploads\/sites\/2\/2026\/04\/PHOTO-2026-03-26-15-50-17-300x200.jpg');\"><\/a>\n                        <\/div>\n                        <div class=\"caption\">\n                            <p class=\"date\">\n                                07 Apr 2026 - 14:03 UTC                            <\/p>\n                            <h4><a href=\"https:\/\/fg.ull.es\/noticias\/2026\/04\/07\/barrios-por-el-empleo-facilitara-mas-de-680-inserciones-laborales-en-tenerife-durante-2026\/\">Barrios por el Empleo facilitar\u00e1 m\u00e1s de 680 inserciones laborales en Tenerife durante 2026<\/a><\/h4>\n                        <\/div>\n                    <\/div>\n                <\/li>\n                \n                <li class=\"col-sm-3 col-xs-6\">\n                    <div class=\"fff\">\n                        <div class=\"thumbnail\">\n                            <a href=\"https:\/\/fg.ull.es\/noticias\/2026\/04\/06\/la-ull-presenta-la-segunda-edicion-de-prototipando-para-emprender-un-laboratorio-de-ideas-para-impulsar-proyectos-innovadores-en-canarias\/\" style=\"background-image: url('https:\/\/fg.ull.es\/noticias\/wp-content\/uploads\/sites\/2\/2026\/04\/PROTO-1-300x200.jpg');\"><\/a>\n                        <\/div>\n                        <div class=\"caption\">\n                            <p class=\"date\">\n                                06 Apr 2026 - 12:50 UTC                            <\/p>\n                            <h4><a href=\"https:\/\/fg.ull.es\/noticias\/2026\/04\/06\/la-ull-presenta-la-segunda-edicion-de-prototipando-para-emprender-un-laboratorio-de-ideas-para-impulsar-proyectos-innovadores-en-canarias\/\">La ULL presenta la segunda edici\u00f3n de Prototipando para Emprender, un laboratorio de ideas para impulsar proyectos innovadores en Canarias<\/a><\/h4>\n                        <\/div>\n                    <\/div>\n                <\/li>\n                \n                <li class=\"col-sm-3 col-xs-6\">\n                    <div class=\"fff\">\n                        <div class=\"thumbnail\">\n                            <a href=\"https:\/\/fg.ull.es\/noticias\/2026\/03\/27\/abierta-la-inscripcion-de-la-decima-edicion-del-curso-universitario-superior-de-gestion-de-la-empresa-comercial\/\" style=\"background-image: url('https:\/\/fg.ull.es\/noticias\/wp-content\/uploads\/sites\/2\/2026\/03\/Noticia-GEC-2026-1024x683px-300x200.jpg');\"><\/a>\n                        <\/div>\n                        <div class=\"caption\">\n                            <p class=\"date\">\n                                27 Mar 2026 - 09:12 UTC                            <\/p>\n                            <h4><a href=\"https:\/\/fg.ull.es\/noticias\/2026\/03\/27\/abierta-la-inscripcion-de-la-decima-edicion-del-curso-universitario-superior-de-gestion-de-la-empresa-comercial\/\">Abierta la inscripci\u00f3n de la d\u00e9cima edici\u00f3n del Curso Universitario Superior de Gesti\u00f3n de la Empresa Comercial<\/a><\/h4>\n                        <\/div>\n                    <\/div>\n                <\/li>\n                                    <\/ul>\n                    <\/div>\n                                <div class=\"item \">\n                <ul class=\"thumbnails\">\n            \n                <li class=\"col-sm-3 col-xs-6\">\n                    <div class=\"fff\">\n                        <div class=\"thumbnail\">\n                            <a href=\"https:\/\/fg.ull.es\/noticias\/2026\/03\/12\/san-sebastian-de-la-gomera-acoge-la-segunda-edicion-de-la-feria-de-cooperativas-escolares-del-proyecto-ensenar-para-emprender\/\" style=\"background-image: url('https:\/\/fg.ull.es\/noticias\/wp-content\/uploads\/sites\/2\/2026\/03\/IMG_9289-300x200.jpeg');\"><\/a>\n                        <\/div>\n                        <div class=\"caption\">\n                            <p class=\"date\">\n                                12 Mar 2026 - 19:07 UTC                            <\/p>\n                            <h4><a href=\"https:\/\/fg.ull.es\/noticias\/2026\/03\/12\/san-sebastian-de-la-gomera-acoge-la-segunda-edicion-de-la-feria-de-cooperativas-escolares-del-proyecto-ensenar-para-emprender\/\">San Sebasti\u00e1n de La Gomera acoge la segunda edici\u00f3n de la Feria de Cooperativas Escolares del proyecto \u201cEnse\u00f1ar para Emprender\u201d<\/a><\/h4>\n                        <\/div>\n                    <\/div>\n                <\/li>\n                \n                <li class=\"col-sm-3 col-xs-6\">\n                    <div class=\"fff\">\n                        <div class=\"thumbnail\">\n                            <a href=\"https:\/\/fg.ull.es\/noticias\/2026\/03\/11\/trujillo-se-convierte-en-el-epicentro-de-la-innovacion-europea-con-el-seminario-de-la-red-pidi\/\" style=\"background-image: url('https:\/\/fg.ull.es\/noticias\/wp-content\/uploads\/sites\/2\/2026\/03\/IMG-20260310-WA0013l-1-300x181.jpg');\"><\/a>\n                        <\/div>\n                        <div class=\"caption\">\n                            <p class=\"date\">\n                                11 Mar 2026 - 13:29 UTC                            <\/p>\n                            <h4><a href=\"https:\/\/fg.ull.es\/noticias\/2026\/03\/11\/trujillo-se-convierte-en-el-epicentro-de-la-innovacion-europea-con-el-seminario-de-la-red-pidi\/\">Trujillo se convierte en el epicentro de la innovaci\u00f3n europea con el Seminario de la Red PIDI<\/a><\/h4>\n                        <\/div>\n                    <\/div>\n                <\/li>\n                \n                <li class=\"col-sm-3 col-xs-6\">\n                    <div class=\"fff\">\n                        <div class=\"thumbnail\">\n                            <a href=\"https:\/\/fg.ull.es\/noticias\/2026\/03\/06\/lectura-facil-ensenar-para-emprender\/\" style=\"background-image: url('https:\/\/fg.ull.es\/noticias\/wp-content\/uploads\/sites\/2\/2026\/03\/Image_20260306_095117_621-300x225.jpeg');\"><\/a>\n                        <\/div>\n                        <div class=\"caption\">\n                            <p class=\"date\">\n                                06 Mar 2026 - 10:09 UTC                            <\/p>\n                            <h4><a href=\"https:\/\/fg.ull.es\/noticias\/2026\/03\/06\/lectura-facil-ensenar-para-emprender\/\">La Lectura F\u00e1cil se incorpora al proyecto \u201cEnse\u00f1ar para Emprender\u201d en su XIII edici\u00f3n<\/a><\/h4>\n                        <\/div>\n                    <\/div>\n                <\/li>\n                \n                <li class=\"col-sm-3 col-xs-6\">\n                    <div class=\"fff\">\n                        <div class=\"thumbnail\">\n                            <a href=\"https:\/\/fg.ull.es\/noticias\/2026\/03\/03\/la-ull-reconoce-la-aportacion-de-barrios-por-el-empleo-al-desarrollo-socioeconomico-regional\/\" style=\"background-image: url('https:\/\/fg.ull.es\/noticias\/wp-content\/uploads\/sites\/2\/2026\/03\/barrios-empleo-reunion-300x200.jpg');\"><\/a>\n                        <\/div>\n                        <div class=\"caption\">\n                            <p class=\"date\">\n                                03 Mar 2026 - 15:55 UTC                            <\/p>\n                            <h4><a href=\"https:\/\/fg.ull.es\/noticias\/2026\/03\/03\/la-ull-reconoce-la-aportacion-de-barrios-por-el-empleo-al-desarrollo-socioeconomico-regional\/\">La ULL reconoce la aportaci\u00f3n de Barrios por el Empleo al desarrollo socioecon\u00f3mico regional<\/a><\/h4>\n                        <\/div>\n                    <\/div>\n                <\/li>\n                                    <\/ul>\n                    <\/div>\n                            <\/div>\n    <\/div>\n<\/div>\n\n<div class=\"more-news\">\n    <a href=\"https:\/\/fg.ull.es\/noticias\">M\u00c1S NOTICIAS <i class=\"fa fa-chevron-right\"><\/i><\/a>\n<\/div>\n\n<script>\n    $(document).ready(function() {\n        $('#newsCarousel').carousel({\n            interval: 11000\n        })\n    });\n<\/script>\n[\/vc_column_text][\/vc_column][\/vc_row][vc_row disable_element=&#8221;yes&#8221;][vc_column][vc_row_inner][vc_column_inner width=&#8221;1\/4&#8243;][vc_btn title=&#8221;SOAL&#8221; color=&#8221;peacoc&#8221; size=&#8221;lg&#8221; align=&#8221;center&#8221; button_block=&#8221;true&#8221; link=&#8221;url:https%3A%2F%2Ffg.ull.es%2Fempleo%2Fsoal%2F&#8221;][\/vc_column_inner][vc_column_inner width=&#8221;1\/4&#8243;][vc_btn title=&#8221;Capacita&#8221; color=&#8221;orange&#8221; size=&#8221;lg&#8221; align=&#8221;center&#8221; button_block=&#8221;true&#8221; link=&#8221;url:https%3A%2F%2Ffg.ull.es%2Fempleo%2Fcapacita%2F&#8221;][\/vc_column_inner][vc_column_inner width=&#8221;1\/4&#8243;][vc_btn title=&#8221;Formaci\u00f3n pr\u00e1ctica (becas)&#8221; color=&#8221;violet&#8221; size=&#8221;lg&#8221; align=&#8221;center&#8221; button_block=&#8221;true&#8221; link=&#8221;url:https%3A%2F%2Ffg.ull.es%2Fempleo%2Fformacion-practica%2F&#8221;][\/vc_column_inner][vc_column_inner width=&#8221;1\/4&#8243;][vc_btn title=&#8221;Ofertas&#8221; color=&#8221;juicy-pink&#8221; size=&#8221;lg&#8221; align=&#8221;center&#8221; button_block=&#8221;true&#8221; link=&#8221;url:https%3A%2F%2Ffg.ull.es%2Fempleo%2Falta-empresarial%2F&#8221;][\/vc_column_inner][\/vc_row_inner][\/vc_column][\/vc_row]<\/p>\n<\/section>","protected":false},"excerpt":{"rendered":"<p>[vc_row][vc_column][\/vc_column][\/vc_row][vc_row][vc_column][vc_empty_space height=&#8221;70px&#8221;][vc_column_text]La Unidad de Orientaci\u00f3n e Intermediaci\u00f3n laboral de la Agencia Universitaria de Empleo AUE tiene por objetivo mejorar la empleabilidad y fomentar la inserci\u00f3n laboral del alumnado y de quienes\u00a0 hayan titulado, colaborando as\u00ed con el tejido empresarial canario.[\/vc_column_text][vc_empty_space][vc_custom_heading text=&#8221;\u00bfQu\u00e9 te ofrecemos?&#8221; font_container=&#8221;tag:h2|text_align:center|color:%235c068c&#8221; use_theme_fonts=&#8221;yes&#8221;][vc_empty_space][vc_row_inner rtl_reverse=&#8221;yes&#8221;][vc_column_inner width=&#8221;1\/2&#8243;][vc_cta h2=&#8221;Orientaci\u00f3n Laboral&#8221; h2_font_container=&#8221;tag:h2|font_size:25|text_align:center&#8221; h2_use_theme_fonts=&#8221;yes&#8221; style=&#8221;outline&#8221; color=&#8221;sandy-brown&#8221; css_animation=&#8221;bounceIn&#8221; use_custom_fonts_h2=&#8221;true&#8221;]Brindamos&#8230;<\/p>\n","protected":false},"author":1,"featured_media":0,"parent":0,"menu_order":0,"comment_status":"closed","ping_status":"closed","template":"templates\/template-frontpage.php","meta":{"footnotes":""},"_links":{"self":[{"href":"https:\/\/fg.ull.es\/empleo\/wp-json\/wp\/v2\/pages\/16871"}],"collection":[{"href":"https:\/\/fg.ull.es\/empleo\/wp-json\/wp\/v2\/pages"}],"about":[{"href":"https:\/\/fg.ull.es\/empleo\/wp-json\/wp\/v2\/types\/page"}],"author":[{"embeddable":true,"href":"https:\/\/fg.ull.es\/empleo\/wp-json\/wp\/v2\/users\/1"}],"replies":[{"embeddable":true,"href":"https:\/\/fg.ull.es\/empleo\/wp-json\/wp\/v2\/comments?post=16871"}],"version-history":[{"count":156,"href":"https:\/\/fg.ull.es\/empleo\/wp-json\/wp\/v2\/pages\/16871\/revisions"}],"predecessor-version":[{"id":41819,"href":"https:\/\/fg.ull.es\/empleo\/wp-json\/wp\/v2\/pages\/16871\/revisions\/41819"}],"wp:attachment":[{"href":"https:\/\/fg.ull.es\/empleo\/wp-json\/wp\/v2\/media?parent=16871"}],"curies":[{"name":"wp","href":"https:\/\/api.w.org\/{rel}","templated":true}]}}